{"id":4151,"date":"2023-02-06T12:00:25","date_gmt":"2023-02-06T11:00:25","guid":{"rendered":"https:\/\/womedo-events.com\/?page_id=4151"},"modified":"2024-11-01T09:30:35","modified_gmt":"2024-11-01T08:30:35","slug":"partner","status":"publish","type":"page","link":"https:\/\/womedo-events.com\/index.php\/partner\/","title":{"rendered":"Partner"},"content":{"rendered":"\t\t<div data-elementor-type=\"wp-page\" data-elementor-id=\"4151\" class=\"elementor elementor-4151\" data-elementor-settings=\"{&quot;ha_cmc_init_switcher&quot;:&quot;no&quot;}\">\n\t\t\t\t\t\t<section class=\"elementor-section elementor-top-section elementor-element elementor-element-f3c3981 elementor-section-full_width elementor-section-height-default elementor-section-height-default\" data-id=\"f3c3981\" data-element_type=\"section\" data-e-type=\"section\" data-settings=\"{&quot;_ha_eqh_enable&quot;:false}\">\n\t\t\t\t\t\t<div class=\"elementor-container elementor-column-gap-default\">\n\t\t\t\t\t<div class=\"elementor-column elementor-col-100 elementor-top-column elementor-element elementor-element-89b14fd\" data-id=\"89b14fd\" data-element_type=\"column\" data-e-type=\"column\">\n\t\t\t<div class=\"elementor-widget-wrap elementor-element-populated\">\n\t\t\t\t\t\t<div class=\"elementor-section elementor-inner-section elementor-element elementor-element-d0bb19e elementor-section-boxed elementor-section-height-default elementor-section-height-default\" data-id=\"d0bb19e\" data-element_type=\"section\" data-e-type=\"section\" data-settings=\"{&quot;_ha_eqh_enable&quot;:false}\">\n\t\t\t\t\t\t<div class=\"elementor-container elementor-column-gap-default\">\n\t\t\t\t\t<div class=\"elementor-column elementor-col-100 elementor-inner-column elementor-element elementor-element-1b4f9c1\" data-id=\"1b4f9c1\" data-element_type=\"column\" data-e-type=\"column\">\n\t\t\t<div class=\"elementor-widget-wrap elementor-element-populated\">\n\t\t\t\t\t\t<div class=\"elementor-element elementor-element-5cbd2ef elementor-invisible elementor-widget elementor-widget-bauen-title\" data-id=\"5cbd2ef\" data-element_type=\"widget\" data-e-type=\"widget\" data-settings=\"{&quot;_animation&quot;:&quot;fadeInUp&quot;}\" data-widget_type=\"bauen-title.default\">\n\t\t\t\t<div class=\"elementor-widget-container\">\n\t\t\t\t\t\t\t\n\t\t\t\n\t\t\t\t\t\t<h2 class=\"section-title text-left\">Unsere  <span class=\"text-color-red\"> Partner <\/span><\/h2>\n\t\t\t\t\n\t\t\t\t\t\t<p>...sind ein starker Pfeiler f\u00fcr unsere Arbeit. Wir m\u00f6chten ihnen eine Plattform geben und  freuen uns \u00fcber jedes vergangene und zuk\u00fcnftige gemeinsame Projekt.<\/p>\n\t\t\t\t\n        \n\t\t\t\n        \t\t\t\t<\/div>\n\t\t\t\t<\/div>\n\t\t\t\t\t<\/div>\n\t\t<\/div>\n\t\t\t\t\t<\/div>\n\t\t<\/div>\n\t\t\t\t\t<\/div>\n\t\t<\/div>\n\t\t\t\t\t<\/div>\n\t\t<\/section>\n\t\t\t\t<section class=\"elementor-section elementor-top-section elementor-element elementor-element-229fb00 elementor-section-boxed elementor-section-height-default elementor-section-height-default\" data-id=\"229fb00\" data-element_type=\"section\" data-e-type=\"section\" data-settings=\"{&quot;_ha_eqh_enable&quot;:false}\">\n\t\t\t\t\t\t<div class=\"elementor-container elementor-column-gap-default\">\n\t\t\t\t\t<div class=\"elementor-column elementor-col-33 elementor-top-column elementor-element elementor-element-3182315\" data-id=\"3182315\" data-element_type=\"column\" data-e-type=\"column\">\n\t\t\t<div class=\"elementor-widget-wrap elementor-element-populated\">\n\t\t\t\t\t\t<div class=\"elementor-element elementor-element-d67e7f1 elementor-widget elementor-widget-bauen-image\" data-id=\"d67e7f1\" data-element_type=\"widget\" data-e-type=\"widget\" data-widget_type=\"bauen-image.default\">\n\t\t\t\t<div class=\"elementor-widget-container\">\n\t\t\t\t\t\t\t\n\t\t\t\n\t\t\n\t\t\t<div class=\"about\">\n\t\t\t\t<div class=\"about-img\">\n\t\t\t\t\t\t\t\t\t\t<a href=\"https:\/\/womedo-events.com\/index.php\/eirik\/\" target=\"_self\" rel=\"noopener noreferrer\">\n\t\t\t\t\t\t\t\t\n\t\t\t\t\t<div class=\"img\"> <img decoding=\"async\" src=\"https:\/\/womedo-events.com\/wp-content\/uploads\/2023\/02\/Eirik.png\" class=\"img-fluid\" alt=\"\"> <\/div>\n\t\t\t\t\t\t\t\t\t\t<\/a>\n\t\t\t\t\t\t\t\t\t\t\n\t\t\t\t\t\t\t\t\t\t<div class=\"about-img-2 about-buro\">Eirik Norman Hansen<\/div>\n\t\t\t\t\t\t\t\t\t<\/div>\t\t\n\t\t\t<\/div>\t\n\n\t    \t\t\t\n\t\t\n\t\t\t\n        \t\t\t\t<\/div>\n\t\t\t\t<\/div>\n\t\t\t\t<div class=\"elementor-element elementor-element-bb07196 elementor-widget elementor-widget-bauen-text\" data-id=\"bb07196\" data-element_type=\"widget\" data-e-type=\"widget\" data-widget_type=\"bauen-text.default\">\n\t\t\t\t<div class=\"elementor-widget-container\">\n\t\t\t\t\t\t\t<div class=\"bn-text-block clear \">\n\t\t<p>Redner &amp; Futurist<\/p><p style=\"text-align: right;\"><b><\/b><a href=\"https:\/\/womedo-events.com\/index.php\/eirik\/\"><b>... mehr<\/b><\/a><\/p>\t\t<\/div>\n\t\t\t\t\t\t<\/div>\n\t\t\t\t<\/div>\n\t\t\t\t\t<\/div>\n\t\t<\/div>\n\t\t\t\t<div class=\"elementor-column elementor-col-33 elementor-top-column elementor-element elementor-element-f1215fa\" data-id=\"f1215fa\" data-element_type=\"column\" data-e-type=\"column\">\n\t\t\t<div class=\"elementor-widget-wrap elementor-element-populated\">\n\t\t\t\t\t\t<div class=\"elementor-element elementor-element-289afc4 elementor-widget elementor-widget-bauen-image\" data-id=\"289afc4\" data-element_type=\"widget\" data-e-type=\"widget\" data-widget_type=\"bauen-image.default\">\n\t\t\t\t<div class=\"elementor-widget-container\">\n\t\t\t\t\t\t\t\n\t\t\t\n\t\t\n\t\t\t<div class=\"about\">\n\t\t\t\t<div class=\"about-img\">\n\t\t\t\t\t\t\t\t\t\t<a href=\"https:\/\/ben-gierig.de\" target=\"_self\" rel=\"noopener noreferrer\">\n\t\t\t\t\t\t\t\t\n\t\t\t\t\t<div class=\"img\"> <img decoding=\"async\" src=\"https:\/\/womedo-events.com\/wp-content\/uploads\/2023\/02\/Ben-e1675688120550.png\" class=\"img-fluid\" alt=\"\"> <\/div>\n\t\t\t\t\t\t\t\t\t\t<\/a>\n\t\t\t\t\t\t\t\t\t\t\n\t\t\t\t\t\t\t\t\t\t<div class=\"about-img-2 about-buro\">Ben Gierig<\/div>\n\t\t\t\t\t\t\t\t\t<\/div>\t\t\n\t\t\t<\/div>\t\n\n\t    \t\t\t\n\t\t\n\t\t\t\n        \t\t\t\t<\/div>\n\t\t\t\t<\/div>\n\t\t\t\t<div class=\"elementor-element elementor-element-77a5679 elementor-widget elementor-widget-bauen-text\" data-id=\"77a5679\" data-element_type=\"widget\" data-e-type=\"widget\" data-widget_type=\"bauen-text.default\">\n\t\t\t\t<div class=\"elementor-widget-container\">\n\t\t\t\t\t\t\t<div class=\"bn-text-block clear \">\n\t\tFotograf, Ben Gierig Media\n<p style=\"text-align: right;\"><b><\/b><a href=\"https:\/\/ben-gierig.de\"><b>... mehr<\/b><\/a><\/p>\t\t<\/div>\n\t\t\t\t\t\t<\/div>\n\t\t\t\t<\/div>\n\t\t\t\t\t<\/div>\n\t\t<\/div>\n\t\t\t\t<div class=\"elementor-column elementor-col-33 elementor-top-column elementor-element elementor-element-ba12894\" data-id=\"ba12894\" data-element_type=\"column\" data-e-type=\"column\">\n\t\t\t<div class=\"elementor-widget-wrap elementor-element-populated\">\n\t\t\t\t\t\t<div class=\"elementor-element elementor-element-a533f05 elementor-widget elementor-widget-bauen-image\" data-id=\"a533f05\" data-element_type=\"widget\" data-e-type=\"widget\" data-widget_type=\"bauen-image.default\">\n\t\t\t\t<div class=\"elementor-widget-container\">\n\t\t\t\t\t\t\t\n\t\t\t\n\t\t\n\t\t\t<div class=\"about\">\n\t\t\t\t<div class=\"about-img\">\n\t\t\t\t\t\t\t\t\t\t<a href=\"https:\/\/www.adoratio-schokoladenkunst.de\" target=\"_self\" rel=\"noopener noreferrer\">\n\t\t\t\t\t\t\t\t\n\t\t\t\t\t<div class=\"img\"> <img decoding=\"async\" src=\"https:\/\/womedo-events.com\/wp-content\/uploads\/2023\/02\/schokosusi.png\" class=\"img-fluid\" alt=\"\"> <\/div>\n\t\t\t\t\t\t\t\t\t\t<\/a>\n\t\t\t\t\t\t\t\t\t\t\n\t\t\t\t\t\t\t\t\t\t<div class=\"about-img-2 about-buro\">Susanne Engler<\/div>\n\t\t\t\t\t\t\t\t\t<\/div>\t\t\n\t\t\t<\/div>\t\n\n\t    \t\t\t\n\t\t\n\t\t\t\n        \t\t\t\t<\/div>\n\t\t\t\t<\/div>\n\t\t\t\t<div class=\"elementor-element elementor-element-2483fa2 elementor-widget elementor-widget-bauen-text\" data-id=\"2483fa2\" data-element_type=\"widget\" data-e-type=\"widget\" data-widget_type=\"bauen-text.default\">\n\t\t\t\t<div class=\"elementor-widget-container\">\n\t\t\t\t\t\t\t<div class=\"bn-text-block clear \">\n\t\tChocolatier, Adoratio Schokoladenkunst\n<p style=\"text-align: right;\"><b><\/b><a href=\"https:\/\/www.adoratio-schokoladenkunst.de\"><b>... mehr<\/b><\/a><\/p>\t\t<\/div>\n\t\t\t\t\t\t<\/div>\n\t\t\t\t<\/div>\n\t\t\t\t\t<\/div>\n\t\t<\/div>\n\t\t\t\t\t<\/div>\n\t\t<\/section>\n\t\t\t\t<section class=\"elementor-section elementor-top-section elementor-element elementor-element-3778f59 elementor-section-boxed elementor-section-height-default elementor-section-height-default\" data-id=\"3778f59\" data-element_type=\"section\" data-e-type=\"section\" data-settings=\"{&quot;_ha_eqh_enable&quot;:false}\">\n\t\t\t\t\t\t<div class=\"elementor-container elementor-column-gap-default\">\n\t\t\t\t\t<div class=\"elementor-column elementor-col-33 elementor-top-column elementor-element elementor-element-6baa9cf\" data-id=\"6baa9cf\" data-element_type=\"column\" data-e-type=\"column\">\n\t\t\t<div class=\"elementor-widget-wrap elementor-element-populated\">\n\t\t\t\t\t\t<div class=\"elementor-element elementor-element-3be93ca elementor-widget elementor-widget-bauen-image\" data-id=\"3be93ca\" data-element_type=\"widget\" data-e-type=\"widget\" data-widget_type=\"bauen-image.default\">\n\t\t\t\t<div class=\"elementor-widget-container\">\n\t\t\t\t\t\t\t\n\t\t\t\n\t\t\n\t\t\t<div class=\"about\">\n\t\t\t\t<div class=\"about-img\">\n\t\t\t\t\t\t\t\t\t\t<a href=\"https:\/\/www.instagram.com\/m_suehr\/\" target=\"_self\" rel=\"noopener noreferrer\">\n\t\t\t\t\t\t\t\t\n\t\t\t\t\t<div class=\"img\"> <img decoding=\"async\" src=\"https:\/\/womedo-events.com\/wp-content\/uploads\/2022\/12\/image_648344136.png\" class=\"img-fluid\" alt=\"\"> <\/div>\n\t\t\t\t\t\t\t\t\t\t<\/a>\n\t\t\t\t\t\t\t\t\t\t\n\t\t\t\t\t\t\t\t\t\t<div class=\"about-img-2 about-buro\">Maik S\u00fchr<\/div>\n\t\t\t\t\t\t\t\t\t<\/div>\t\t\n\t\t\t<\/div>\t\n\n\t    \t\t\t\n\t\t\n\t\t\t\n        \t\t\t\t<\/div>\n\t\t\t\t<\/div>\n\t\t\t\t<div class=\"elementor-element elementor-element-40ca725 elementor-widget elementor-widget-bauen-text\" data-id=\"40ca725\" data-element_type=\"widget\" data-e-type=\"widget\" data-widget_type=\"bauen-text.default\">\n\t\t\t\t<div class=\"elementor-widget-container\">\n\t\t\t\t\t\t\t<div class=\"bn-text-block clear \">\n\t\tZeichenk\u00fcnstler & Multitalent\n<p style=\"text-align: right;\"><b><\/b><a href=\"https:\/\/www.instagram.com\/m_suehr\/\"><b>... mehr<\/b><\/a><\/p>\t\t<\/div>\n\t\t\t\t\t\t<\/div>\n\t\t\t\t<\/div>\n\t\t\t\t\t<\/div>\n\t\t<\/div>\n\t\t\t\t<div class=\"elementor-column elementor-col-33 elementor-top-column elementor-element elementor-element-08abd8f\" data-id=\"08abd8f\" data-element_type=\"column\" data-e-type=\"column\">\n\t\t\t<div class=\"elementor-widget-wrap\">\n\t\t\t\t\t\t\t<\/div>\n\t\t<\/div>\n\t\t\t\t<div class=\"elementor-column elementor-col-33 elementor-top-column elementor-element elementor-element-8353eb7\" data-id=\"8353eb7\" data-element_type=\"column\" data-e-type=\"column\">\n\t\t\t<div class=\"elementor-widget-wrap\">\n\t\t\t\t\t\t\t<\/div>\n\t\t<\/div>\n\t\t\t\t\t<\/div>\n\t\t<\/section>\n\t\t\t\t<section class=\"elementor-section elementor-top-section elementor-element elementor-element-1447f1c elementor-section-boxed elementor-section-height-default elementor-section-height-default\" data-id=\"1447f1c\" data-element_type=\"section\" data-e-type=\"section\" data-settings=\"{&quot;_ha_eqh_enable&quot;:false}\">\n\t\t\t\t\t\t<div class=\"elementor-container elementor-column-gap-default\">\n\t\t\t\t\t<div class=\"elementor-column elementor-col-100 elementor-top-column elementor-element elementor-element-eb3f4c0\" data-id=\"eb3f4c0\" data-element_type=\"column\" data-e-type=\"column\">\n\t\t\t<div class=\"elementor-widget-wrap elementor-element-populated\">\n\t\t\t\t\t\t<div class=\"elementor-element elementor-element-5e9c17f elementor-widget elementor-widget-spacer\" data-id=\"5e9c17f\" data-element_type=\"widget\" data-e-type=\"widget\" data-widget_type=\"spacer.default\">\n\t\t\t\t<div class=\"elementor-widget-container\">\n\t\t\t\t\t\t\t<div class=\"elementor-spacer\">\n\t\t\t<div class=\"elementor-spacer-inner\"><\/div>\n\t\t<\/div>\n\t\t\t\t\t\t<\/div>\n\t\t\t\t<\/div>\n\t\t\t\t\t<\/div>\n\t\t<\/div>\n\t\t\t\t\t<\/div>\n\t\t<\/section>\n\t\t\t\t<section class=\"elementor-section elementor-top-section elementor-element elementor-element-e35b08d elementor-section-full_width elementor-section-height-default elementor-section-height-default\" data-id=\"e35b08d\" data-element_type=\"section\" data-e-type=\"section\" data-settings=\"{&quot;background_background&quot;:&quot;classic&quot;,&quot;_ha_eqh_enable&quot;:false}\">\n\t\t\t\t\t\t\t<div class=\"elementor-background-overlay\"><\/div>\n\t\t\t\t\t\t\t<div class=\"elementor-container elementor-column-gap-default\">\n\t\t\t\t\t<div class=\"elementor-column elementor-col-100 elementor-top-column elementor-element elementor-element-5660066\" data-id=\"5660066\" data-element_type=\"column\" data-e-type=\"column\">\n\t\t\t<div class=\"elementor-widget-wrap elementor-element-populated\">\n\t\t\t\t\t\t<div class=\"elementor-section elementor-inner-section elementor-element elementor-element-e914960 elementor-section-boxed elementor-section-height-default elementor-section-height-default\" data-id=\"e914960\" data-element_type=\"section\" data-e-type=\"section\" data-settings=\"{&quot;_ha_eqh_enable&quot;:false}\">\n\t\t\t\t\t\t<div class=\"elementor-container elementor-column-gap-default\">\n\t\t\t\t\t<div class=\"elementor-column elementor-col-50 elementor-inner-column elementor-element elementor-element-71e7bfb\" data-id=\"71e7bfb\" data-element_type=\"column\" data-e-type=\"column\">\n\t\t\t<div class=\"elementor-widget-wrap\">\n\t\t\t\t\t\t\t<\/div>\n\t\t<\/div>\n\t\t\t\t<div class=\"elementor-column elementor-col-50 elementor-inner-column elementor-element elementor-element-a9693b4\" data-id=\"a9693b4\" data-element_type=\"column\" data-e-type=\"column\">\n\t\t\t<div class=\"elementor-widget-wrap\">\n\t\t\t\t\t\t\t<\/div>\n\t\t<\/div>\n\t\t\t\t\t<\/div>\n\t\t<\/div>\n\t\t\t\t\t<\/div>\n\t\t<\/div>\n\t\t\t\t\t<\/div>\n\t\t<\/section>\n\t\t\t\t<\/div>\n\t\t","protected":false},"excerpt":{"rendered":"<p>Unsere Partner &#8230;sind ein starker Pfeiler f\u00fcr unsere Arbeit. Wir m\u00f6chten ihnen eine Plattform geben und freuen uns \u00fcber jedes vergangene und zuk\u00fcnftige gemeinsame Projekt. Eirik Norman Hansen Redner &amp; Futurist &#8230; mehr Ben Gierig Fotograf, Ben Gierig Media &#8230; mehr Susanne Engler Chocolatier, Adoratio Schokoladenkunst &#8230; mehr Maik S\u00fchr Zeichenk\u00fcnstler &#038; Multitalent &#8230; mehr<\/p>\n","protected":false},"author":2,"featured_media":0,"parent":0,"menu_order":0,"comment_status":"closed","ping_status":"closed","template":"","meta":{"footnotes":"","_links_to":"","_links_to_target":""},"class_list":["post-4151","page","type-page","status-publish","hentry"],"yoast_head":"<!-- This site is optimized with the Yoast SEO plugin v26.9 - https:\/\/yoast.com\/product\/yoast-seo-wordpress\/ -->\n<title>Partner - womedo-events.com<\/title>\n<meta name=\"robots\" content=\"index, follow, max-snippet:-1, max-image-preview:large, max-video-preview:-1\" \/>\n<link rel=\"canonical\" href=\"https:\/\/womedo-events.com\/index.php\/partner\/\" \/>\n<meta property=\"og:locale\" content=\"de_DE\" \/>\n<meta property=\"og:type\" content=\"article\" \/>\n<meta property=\"og:title\" content=\"Partner - womedo-events.com\" \/>\n<meta property=\"og:description\" content=\"Unsere Partner &#8230;sind ein starker Pfeiler f\u00fcr unsere Arbeit. Wir m\u00f6chten ihnen eine Plattform geben und freuen uns \u00fcber jedes vergangene und zuk\u00fcnftige gemeinsame Projekt. Eirik Norman Hansen Redner &amp; Futurist &#8230; mehr Ben Gierig Fotograf, Ben Gierig Media &#8230; mehr Susanne Engler Chocolatier, Adoratio Schokoladenkunst &#8230; mehr Maik S\u00fchr Zeichenk\u00fcnstler &#038; Multitalent &#8230; mehr\" \/>\n<meta property=\"og:url\" content=\"https:\/\/womedo-events.com\/index.php\/partner\/\" \/>\n<meta property=\"og:site_name\" content=\"womedo-events.com\" \/>\n<meta property=\"article:modified_time\" content=\"2024-11-01T08:30:35+00:00\" \/>\n<meta property=\"og:image\" content=\"https:\/\/womedo-events.com\/wp-content\/uploads\/2023\/02\/Eirik.png\" \/>\n<meta name=\"twitter:card\" content=\"summary_large_image\" \/>\n<meta name=\"twitter:label1\" content=\"Gesch\u00e4tzte Lesezeit\" \/>\n\t<meta name=\"twitter:data1\" content=\"2\u00a0Minuten\" \/>\n<script type=\"application\/ld+json\" class=\"yoast-schema-graph\">{\"@context\":\"https:\/\/schema.org\",\"@graph\":[{\"@type\":\"WebPage\",\"@id\":\"https:\/\/womedo-events.com\/index.php\/partner\/\",\"url\":\"https:\/\/womedo-events.com\/index.php\/partner\/\",\"name\":\"Partner - womedo-events.com\",\"isPartOf\":{\"@id\":\"https:\/\/womedo-events.com\/#website\"},\"primaryImageOfPage\":{\"@id\":\"https:\/\/womedo-events.com\/index.php\/partner\/#primaryimage\"},\"image\":{\"@id\":\"https:\/\/womedo-events.com\/index.php\/partner\/#primaryimage\"},\"thumbnailUrl\":\"https:\/\/womedo-events.com\/wp-content\/uploads\/2023\/02\/Eirik.png\",\"datePublished\":\"2023-02-06T11:00:25+00:00\",\"dateModified\":\"2024-11-01T08:30:35+00:00\",\"breadcrumb\":{\"@id\":\"https:\/\/womedo-events.com\/index.php\/partner\/#breadcrumb\"},\"inLanguage\":\"de\",\"potentialAction\":[{\"@type\":\"ReadAction\",\"target\":[\"https:\/\/womedo-events.com\/index.php\/partner\/\"]}]},{\"@type\":\"ImageObject\",\"inLanguage\":\"de\",\"@id\":\"https:\/\/womedo-events.com\/index.php\/partner\/#primaryimage\",\"url\":\"https:\/\/womedo-events.com\/wp-content\/uploads\/2023\/02\/Eirik.png\",\"contentUrl\":\"https:\/\/womedo-events.com\/wp-content\/uploads\/2023\/02\/Eirik.png\",\"width\":3151,\"height\":3576},{\"@type\":\"BreadcrumbList\",\"@id\":\"https:\/\/womedo-events.com\/index.php\/partner\/#breadcrumb\",\"itemListElement\":[{\"@type\":\"ListItem\",\"position\":1,\"name\":\"Startseite\",\"item\":\"https:\/\/womedo-events.com\/\"},{\"@type\":\"ListItem\",\"position\":2,\"name\":\"Partner\"}]},{\"@type\":\"WebSite\",\"@id\":\"https:\/\/womedo-events.com\/#website\",\"url\":\"https:\/\/womedo-events.com\/\",\"name\":\"womedo-events.com\",\"description\":\"\",\"publisher\":{\"@id\":\"https:\/\/womedo-events.com\/#organization\"},\"potentialAction\":[{\"@type\":\"SearchAction\",\"target\":{\"@type\":\"EntryPoint\",\"urlTemplate\":\"https:\/\/womedo-events.com\/?s={search_term_string}\"},\"query-input\":{\"@type\":\"PropertyValueSpecification\",\"valueRequired\":true,\"valueName\":\"search_term_string\"}}],\"inLanguage\":\"de\"},{\"@type\":\"Organization\",\"@id\":\"https:\/\/womedo-events.com\/#organization\",\"name\":\"WOMEDO events\",\"url\":\"https:\/\/womedo-events.com\/\",\"logo\":{\"@type\":\"ImageObject\",\"inLanguage\":\"de\",\"@id\":\"https:\/\/womedo-events.com\/#\/schema\/logo\/image\/\",\"url\":\"http:\/\/womedo-events.com.w01f0051.kasserver.com.w01f0051.kasserver.com\/wp-content\/uploads\/2022\/12\/Logo-Blau.png\",\"contentUrl\":\"http:\/\/womedo-events.com.w01f0051.kasserver.com.w01f0051.kasserver.com\/wp-content\/uploads\/2022\/12\/Logo-Blau.png\",\"width\":570,\"height\":404,\"caption\":\"WOMEDO events\"},\"image\":{\"@id\":\"https:\/\/womedo-events.com\/#\/schema\/logo\/image\/\"}}]}<\/script>\n<!-- \/ Yoast SEO plugin. -->","yoast_head_json":{"title":"Partner - womedo-events.com","robots":{"index":"index","follow":"follow","max-snippet":"max-snippet:-1","max-image-preview":"max-image-preview:large","max-video-preview":"max-video-preview:-1"},"canonical":"https:\/\/womedo-events.com\/index.php\/partner\/","og_locale":"de_DE","og_type":"article","og_title":"Partner - womedo-events.com","og_description":"Unsere Partner &#8230;sind ein starker Pfeiler f\u00fcr unsere Arbeit. Wir m\u00f6chten ihnen eine Plattform geben und freuen uns \u00fcber jedes vergangene und zuk\u00fcnftige gemeinsame Projekt. Eirik Norman Hansen Redner &amp; Futurist &#8230; mehr Ben Gierig Fotograf, Ben Gierig Media &#8230; mehr Susanne Engler Chocolatier, Adoratio Schokoladenkunst &#8230; mehr Maik S\u00fchr Zeichenk\u00fcnstler &#038; Multitalent &#8230; mehr","og_url":"https:\/\/womedo-events.com\/index.php\/partner\/","og_site_name":"womedo-events.com","article_modified_time":"2024-11-01T08:30:35+00:00","og_image":[{"url":"https:\/\/womedo-events.com\/wp-content\/uploads\/2023\/02\/Eirik.png","type":"","width":"","height":""}],"twitter_card":"summary_large_image","twitter_misc":{"Gesch\u00e4tzte Lesezeit":"2\u00a0Minuten"},"schema":{"@context":"https:\/\/schema.org","@graph":[{"@type":"WebPage","@id":"https:\/\/womedo-events.com\/index.php\/partner\/","url":"https:\/\/womedo-events.com\/index.php\/partner\/","name":"Partner - womedo-events.com","isPartOf":{"@id":"https:\/\/womedo-events.com\/#website"},"primaryImageOfPage":{"@id":"https:\/\/womedo-events.com\/index.php\/partner\/#primaryimage"},"image":{"@id":"https:\/\/womedo-events.com\/index.php\/partner\/#primaryimage"},"thumbnailUrl":"https:\/\/womedo-events.com\/wp-content\/uploads\/2023\/02\/Eirik.png","datePublished":"2023-02-06T11:00:25+00:00","dateModified":"2024-11-01T08:30:35+00:00","breadcrumb":{"@id":"https:\/\/womedo-events.com\/index.php\/partner\/#breadcrumb"},"inLanguage":"de","potentialAction":[{"@type":"ReadAction","target":["https:\/\/womedo-events.com\/index.php\/partner\/"]}]},{"@type":"ImageObject","inLanguage":"de","@id":"https:\/\/womedo-events.com\/index.php\/partner\/#primaryimage","url":"https:\/\/womedo-events.com\/wp-content\/uploads\/2023\/02\/Eirik.png","contentUrl":"https:\/\/womedo-events.com\/wp-content\/uploads\/2023\/02\/Eirik.png","width":3151,"height":3576},{"@type":"BreadcrumbList","@id":"https:\/\/womedo-events.com\/index.php\/partner\/#breadcrumb","itemListElement":[{"@type":"ListItem","position":1,"name":"Startseite","item":"https:\/\/womedo-events.com\/"},{"@type":"ListItem","position":2,"name":"Partner"}]},{"@type":"WebSite","@id":"https:\/\/womedo-events.com\/#website","url":"https:\/\/womedo-events.com\/","name":"womedo-events.com","description":"","publisher":{"@id":"https:\/\/womedo-events.com\/#organization"},"potentialAction":[{"@type":"SearchAction","target":{"@type":"EntryPoint","urlTemplate":"https:\/\/womedo-events.com\/?s={search_term_string}"},"query-input":{"@type":"PropertyValueSpecification","valueRequired":true,"valueName":"search_term_string"}}],"inLanguage":"de"},{"@type":"Organization","@id":"https:\/\/womedo-events.com\/#organization","name":"WOMEDO events","url":"https:\/\/womedo-events.com\/","logo":{"@type":"ImageObject","inLanguage":"de","@id":"https:\/\/womedo-events.com\/#\/schema\/logo\/image\/","url":"http:\/\/womedo-events.com.w01f0051.kasserver.com.w01f0051.kasserver.com\/wp-content\/uploads\/2022\/12\/Logo-Blau.png","contentUrl":"http:\/\/womedo-events.com.w01f0051.kasserver.com.w01f0051.kasserver.com\/wp-content\/uploads\/2022\/12\/Logo-Blau.png","width":570,"height":404,"caption":"WOMEDO events"},"image":{"@id":"https:\/\/womedo-events.com\/#\/schema\/logo\/image\/"}}]}},"_links":{"self":[{"href":"https:\/\/womedo-events.com\/index.php\/wp-json\/wp\/v2\/pages\/4151","targetHints":{"allow":["GET"]}}],"collection":[{"href":"https:\/\/womedo-events.com\/index.php\/wp-json\/wp\/v2\/pages"}],"about":[{"href":"https:\/\/womedo-events.com\/index.php\/wp-json\/wp\/v2\/types\/page"}],"author":[{"embeddable":true,"href":"https:\/\/womedo-events.com\/index.php\/wp-json\/wp\/v2\/users\/2"}],"replies":[{"embeddable":true,"href":"https:\/\/womedo-events.com\/index.php\/wp-json\/wp\/v2\/comments?post=4151"}],"version-history":[{"count":31,"href":"https:\/\/womedo-events.com\/index.php\/wp-json\/wp\/v2\/pages\/4151\/revisions"}],"predecessor-version":[{"id":5807,"href":"https:\/\/womedo-events.com\/index.php\/wp-json\/wp\/v2\/pages\/4151\/revisions\/5807"}],"wp:attachment":[{"href":"https:\/\/womedo-events.com\/index.php\/wp-json\/wp\/v2\/media?parent=4151"}],"curies":[{"name":"wp","href":"https:\/\/api.w.org\/{rel}","templated":true}]}}